{"id":76,"date":"2021-11-22T17:54:44","date_gmt":"2021-11-22T17:54:44","guid":{"rendered":"https:\/\/pension-ethner.de\/?page_id=76"},"modified":"2021-12-01T20:57:33","modified_gmt":"2021-12-01T20:57:33","slug":"pension","status":"publish","type":"page","link":"https:\/\/pension-ethner.de\/?page_id=76","title":{"rendered":"Pension"},"content":{"rendered":"\t\t<div data-elementor-type=\"wp-page\" data-elementor-id=\"76\" class=\"elementor elementor-76\">\n\t\t\t\t\t\t<section class=\"elementor-section elementor-top-section elementor-element elementor-element-50c72abd elementor-section-boxed elementor-section-height-default elementor-section-height-default\" data-id=\"50c72abd\" data-element_type=\"section\" data-e-type=\"section\">\n\t\t\t\t\t\t<div class=\"elementor-container elementor-column-gap-default\">\n\t\t\t\t\t<div class=\"elementor-column elementor-col-100 elementor-top-column elementor-element elementor-element-23ab0cc3\" data-id=\"23ab0cc3\" data-element_type=\"column\" data-e-type=\"column\">\n\t\t\t<div class=\"elementor-widget-wrap elementor-element-populated\">\n\t\t\t\t\t\t<div class=\"elementor-element elementor-element-338b9e17 elementor-widget elementor-widget-text-editor\" data-id=\"338b9e17\" data-element_type=\"widget\" data-e-type=\"widget\" data-widget_type=\"text-editor.default\">\n\t\t\t\t<div class=\"elementor-widget-container\">\n\t\t\t\t\t\t\t\t\t<p><\/p>\n<h2 class=\"wp-block-heading\">Entfliehen Sie dem Alltag<\/h2>\n<p><\/p>\n<p>Genie\u00dfen Sie die sch\u00f6nsten Tage im Jahr in unseren behaglichen G\u00e4stezimmern. Unser familiengef\u00fchrtes Haus bietet Ihnen 4 Einzelzimmer und 9 Doppelzimmer.<\/p>\n<p>Unsere Zimmer sind freundlich und hell eingerichtet, sie verf\u00fcgen \u00fcber eine gepflegte Ausstattung. Dazu geh\u00f6ren TV, Radio und WLAN-Zugang.<\/p>\n<p><\/p>\n<p><\/p>\n<p>Auf der S\u00fcdseite unseres Hauses haben die Zimmer \u00fcberwiegend einen Balkon. Von hier aus haben Sie einen sch\u00f6nen Blick auf die angrenzenden W\u00e4lder.<\/p>\n<p><\/p>\n<p>Im Erdgeschoss befinden sich zwei Zimmer, von denen eines mit einem barrierefreien Bad ausgestattet ist.<\/p>\n<p><\/p>\n<p><strong>Auf unserer Liegewiese k\u00f6nnen Sie die Ruhe genie\u00dfen und Erholung finden<\/strong><\/p>\n<div class=\"wp-block-buttons is-content-justification-right\">\n<p><\/p>\n<\/div>\n<p><!-- \/wp:buttons --><\/p>\t\t\t\t\t\t\t\t<\/div>\n\t\t\t\t<\/div>\n\t\t\t\t<div class=\"elementor-element elementor-element-4d5843c elementor-align-right elementor-widget elementor-widget-button\" data-id=\"4d5843c\" data-element_type=\"widget\" data-e-type=\"widget\" data-widget_type=\"button.default\">\n\t\t\t\t<div class=\"elementor-widget-container\">\n\t\t\t\t\t\t\t\t\t<div class=\"elementor-button-wrapper\">\n\t\t\t\t\t<a class=\"elementor-button elementor-button-link elementor-size-sm\" href=\"https:\/\/pension-ethner.de\/?page_id=80\">\n\t\t\t\t\t\t<span class=\"elementor-button-content-wrapper\">\n\t\t\t\t\t\t\t\t\t<span class=\"elementor-button-text\">Preise<\/span>\n\t\t\t\t\t<\/span>\n\t\t\t\t\t<\/a>\n\t\t\t\t<\/div>\n\t\t\t\t\t\t\t\t<\/div>\n\t\t\t\t<\/div>\n\t\t\t\t\t<\/div>\n\t\t<\/div>\n\t\t\t\t\t<\/div>\n\t\t<\/section>\n\t\t\t\t<section class=\"elementor-section elementor-top-section elementor-element elementor-element-0b678eb elementor-section-boxed elementor-section-height-default elementor-section-height-default\" data-id=\"0b678eb\" data-element_type=\"section\" data-e-type=\"section\">\n\t\t\t\t\t\t<div class=\"elementor-container elementor-column-gap-default\">\n\t\t\t\t\t<div class=\"elementor-column elementor-col-100 elementor-top-column elementor-element elementor-element-7d71833\" data-id=\"7d71833\" data-element_type=\"column\" data-e-type=\"column\">\n\t\t\t<div class=\"elementor-widget-wrap elementor-element-populated\">\n\t\t\t\t\t\t<div class=\"elementor-element elementor-element-accb3bb elementor-invisible elementor-widget elementor-widget-image-gallery\" data-id=\"accb3bb\" data-element_type=\"widget\" data-e-type=\"widget\" data-settings=\"{&quot;_animation&quot;:&quot;fadeInLeft&quot;}\" data-widget_type=\"image-gallery.default\">\n\t\t\t\t<div class=\"elementor-widget-container\">\n\t\t\t\t\t\t\t<div class=\"elementor-image-gallery\">\n\t\t\t\n\t\t<style type=\"text\/css\">\n\t\t\t#gallery-1 {\n\t\t\t\tmargin: auto;\n\t\t\t}\n\t\t\t#gallery-1 .gallery-item {\n\t\t\t\tfloat: left;\n\t\t\t\tmargin-top: 10px;\n\t\t\t\ttext-align: center;\n\t\t\t\twidth: 50%;\n\t\t\t}\n\t\t\t#gallery-1 img {\n\t\t\t\tborder: 2px solid #cfcfcf;\n\t\t\t}\n\t\t\t#gallery-1 .gallery-caption {\n\t\t\t\tmargin-left: 0;\n\t\t\t}\n\t\t\t\/* see gallery_shortcode() in wp-includes\/media.php *\/\n\t\t<\/style>\n\t\t<div id='gallery-1' class='gallery galleryid-76 gallery-columns-2 gallery-size-medium'><dl class='gallery-item'>\n\t\t\t<dt class='gallery-icon landscape'>\n\t\t\t\t<a data-elementor-open-lightbox=\"yes\" data-elementor-lightbox-slideshow=\"accb3bb\" data-elementor-lightbox-title=\"Doppelzimmer mit viel Platz\" data-e-action-hash=\"#elementor-action%3Aaction%3Dlightbox%26settings%3DeyJpZCI6MzA3LCJ1cmwiOiJodHRwczpcL1wvcGVuc2lvbi1ldGhuZXIuZGVcL3dwLWNvbnRlbnRcL3VwbG9hZHNcLzIwMjFcLzExXC9JTUdfNzg3OS1zY2FsZWQuanBnIiwic2xpZGVzaG93IjoiYWNjYjNiYiJ9\" href='https:\/\/pension-ethner.de\/wp-content\/uploads\/2021\/11\/IMG_7879-scaled.jpg'><img fetchpriority=\"high\" decoding=\"async\" width=\"300\" height=\"225\" src=\"https:\/\/pension-ethner.de\/wp-content\/uploads\/2021\/11\/IMG_7879-300x225.jpg\" class=\"attachment-medium size-medium\" alt=\"\" aria-describedby=\"gallery-1-307\" srcset=\"https:\/\/pension-ethner.de\/wp-content\/uploads\/2021\/11\/IMG_7879-300x225.jpg 300w, https:\/\/pension-ethner.de\/wp-content\/uploads\/2021\/11\/IMG_7879-1024x768.jpg 1024w, https:\/\/pension-ethner.de\/wp-content\/uploads\/2021\/11\/IMG_7879-768x576.jpg 768w, https:\/\/pension-ethner.de\/wp-content\/uploads\/2021\/11\/IMG_7879-1536x1152.jpg 1536w, https:\/\/pension-ethner.de\/wp-content\/uploads\/2021\/11\/IMG_7879-2048x1536.jpg 2048w\" sizes=\"(max-width: 300px) 100vw, 300px\" \/><\/a>\n\t\t\t<\/dt>\n\t\t\t\t<dd class='wp-caption-text gallery-caption' id='gallery-1-307'>\n\t\t\t\tDoppelzimmer mit viel Platz\n\t\t\t\t<\/dd><\/dl><dl class='gallery-item'>\n\t\t\t<dt class='gallery-icon landscape'>\n\t\t\t\t<a data-elementor-open-lightbox=\"yes\" data-elementor-lightbox-slideshow=\"accb3bb\" data-elementor-lightbox-title=\"Modernes Badezimmer\" data-e-action-hash=\"#elementor-action%3Aaction%3Dlightbox%26settings%3DeyJpZCI6MzExLCJ1cmwiOiJodHRwczpcL1wvcGVuc2lvbi1ldGhuZXIuZGVcL3dwLWNvbnRlbnRcL3VwbG9hZHNcLzIwMjFcLzExXC9JTUdfNzkxNC1zY2FsZWQuanBnIiwic2xpZGVzaG93IjoiYWNjYjNiYiJ9\" href='https:\/\/pension-ethner.de\/wp-content\/uploads\/2021\/11\/IMG_7914-scaled.jpg'><img decoding=\"async\" width=\"300\" height=\"225\" src=\"https:\/\/pension-ethner.de\/wp-content\/uploads\/2021\/11\/IMG_7914-300x225.jpg\" class=\"attachment-medium size-medium\" alt=\"\" aria-describedby=\"gallery-1-311\" srcset=\"https:\/\/pension-ethner.de\/wp-content\/uploads\/2021\/11\/IMG_7914-300x225.jpg 300w, https:\/\/pension-ethner.de\/wp-content\/uploads\/2021\/11\/IMG_7914-1024x768.jpg 1024w, https:\/\/pension-ethner.de\/wp-content\/uploads\/2021\/11\/IMG_7914-768x576.jpg 768w, https:\/\/pension-ethner.de\/wp-content\/uploads\/2021\/11\/IMG_7914-1536x1152.jpg 1536w, https:\/\/pension-ethner.de\/wp-content\/uploads\/2021\/11\/IMG_7914-2048x1536.jpg 2048w\" sizes=\"(max-width: 300px) 100vw, 300px\" \/><\/a>\n\t\t\t<\/dt>\n\t\t\t\t<dd class='wp-caption-text gallery-caption' id='gallery-1-311'>\n\t\t\t\tModernes Badezimmer\n\t\t\t\t<\/dd><\/dl><br style=\"clear: both\" \/><dl class='gallery-item'>\n\t\t\t<dt class='gallery-icon landscape'>\n\t\t\t\t<a data-elementor-open-lightbox=\"yes\" data-elementor-lightbox-slideshow=\"accb3bb\" data-elementor-lightbox-title=\"Gro\u00dfes Einzelzimmer\" data-e-action-hash=\"#elementor-action%3Aaction%3Dlightbox%26settings%3DeyJpZCI6MzEwLCJ1cmwiOiJodHRwczpcL1wvcGVuc2lvbi1ldGhuZXIuZGVcL3dwLWNvbnRlbnRcL3VwbG9hZHNcLzIwMjFcLzExXC9JTUdfNzkwMS1zY2FsZWQuanBnIiwic2xpZGVzaG93IjoiYWNjYjNiYiJ9\" href='https:\/\/pension-ethner.de\/wp-content\/uploads\/2021\/11\/IMG_7901-scaled.jpg'><img decoding=\"async\" width=\"300\" height=\"225\" src=\"https:\/\/pension-ethner.de\/wp-content\/uploads\/2021\/11\/IMG_7901-300x225.jpg\" class=\"attachment-medium size-medium\" alt=\"\" aria-describedby=\"gallery-1-310\" srcset=\"https:\/\/pension-ethner.de\/wp-content\/uploads\/2021\/11\/IMG_7901-300x225.jpg 300w, https:\/\/pension-ethner.de\/wp-content\/uploads\/2021\/11\/IMG_7901-1024x768.jpg 1024w, https:\/\/pension-ethner.de\/wp-content\/uploads\/2021\/11\/IMG_7901-768x576.jpg 768w, https:\/\/pension-ethner.de\/wp-content\/uploads\/2021\/11\/IMG_7901-1536x1152.jpg 1536w, https:\/\/pension-ethner.de\/wp-content\/uploads\/2021\/11\/IMG_7901-2048x1536.jpg 2048w\" sizes=\"(max-width: 300px) 100vw, 300px\" \/><\/a>\n\t\t\t<\/dt>\n\t\t\t\t<dd class='wp-caption-text gallery-caption' id='gallery-1-310'>\n\t\t\t\tGro\u00dfes Einzelzimmer\n\t\t\t\t<\/dd><\/dl><dl class='gallery-item'>\n\t\t\t<dt class='gallery-icon landscape'>\n\t\t\t\t<a data-elementor-open-lightbox=\"yes\" data-elementor-lightbox-slideshow=\"accb3bb\" data-elementor-lightbox-title=\"Platz zum Arbeiten oder Verweilen\" data-e-action-hash=\"#elementor-action%3Aaction%3Dlightbox%26settings%3DeyJpZCI6MzA4LCJ1cmwiOiJodHRwczpcL1wvcGVuc2lvbi1ldGhuZXIuZGVcL3dwLWNvbnRlbnRcL3VwbG9hZHNcLzIwMjFcLzExXC9JTUdfNzg5MC1zY2FsZWQuanBnIiwic2xpZGVzaG93IjoiYWNjYjNiYiJ9\" href='https:\/\/pension-ethner.de\/wp-content\/uploads\/2021\/11\/IMG_7890-scaled.jpg'><img loading=\"lazy\" decoding=\"async\" width=\"300\" height=\"225\" src=\"https:\/\/pension-ethner.de\/wp-content\/uploads\/2021\/11\/IMG_7890-300x225.jpg\" class=\"attachment-medium size-medium\" alt=\"\" aria-describedby=\"gallery-1-308\" srcset=\"https:\/\/pension-ethner.de\/wp-content\/uploads\/2021\/11\/IMG_7890-300x225.jpg 300w, https:\/\/pension-ethner.de\/wp-content\/uploads\/2021\/11\/IMG_7890-1024x768.jpg 1024w, https:\/\/pension-ethner.de\/wp-content\/uploads\/2021\/11\/IMG_7890-768x576.jpg 768w, https:\/\/pension-ethner.de\/wp-content\/uploads\/2021\/11\/IMG_7890-1536x1152.jpg 1536w, https:\/\/pension-ethner.de\/wp-content\/uploads\/2021\/11\/IMG_7890-2048x1536.jpg 2048w\" sizes=\"(max-width: 300px) 100vw, 300px\" \/><\/a>\n\t\t\t<\/dt>\n\t\t\t\t<dd class='wp-caption-text gallery-caption' id='gallery-1-308'>\n\t\t\t\tPlatz zum Arbeiten oder Verweilen\n\t\t\t\t<\/dd><\/dl><br style=\"clear: both\" \/>\n\t\t<\/div>\n\t\t<\/div>\n\t\t\t\t\t\t<\/div>\n\t\t\t\t<\/div>\n\t\t\t\t\t<\/div>\n\t\t<\/div>\n\t\t\t\t\t<\/div>\n\t\t<\/section>\n\t\t\t\t<\/div>\n\t\t","protected":false},"excerpt":{"rendered":"<p>Entfliehen Sie dem Alltag Genie\u00dfen Sie die sch\u00f6nsten Tage im Jahr in unseren behaglichen G\u00e4stezimmern. Unser familiengef\u00fchrtes Haus bietet Ihnen 4 Einzelzimmer und 9 Doppelzimmer. Unsere Zimmer sind freundlich und hell eingerichtet, sie verf\u00fcgen \u00fcber eine gepflegte Ausstattung. Dazu geh\u00f6ren TV, Radio und WLAN-Zugang. Auf der S\u00fcdseite unseres Hauses haben die Zimmer \u00fcberwiegend einen Balkon.<\/p><\/div>\n<div class=\"blog-btn\"><a href=\"https:\/\/pension-ethner.de\/?page_id=76\" class=\"home-blog-btn\">Weiterlesen<\/a><\/p>\n","protected":false},"author":1,"featured_media":0,"parent":0,"menu_order":0,"comment_status":"closed","ping_status":"closed","template":"","meta":{"footnotes":""},"class_list":["post-76","page","type-page","status-publish","hentry"],"_links":{"self":[{"href":"https:\/\/pension-ethner.de\/index.php?rest_route=\/wp\/v2\/pages\/76","targetHints":{"allow":["GET"]}}],"collection":[{"href":"https:\/\/pension-ethner.de\/index.php?rest_route=\/wp\/v2\/pages"}],"about":[{"href":"https:\/\/pension-ethner.de\/index.php?rest_route=\/wp\/v2\/types\/page"}],"author":[{"embeddable":true,"href":"https:\/\/pension-ethner.de\/index.php?rest_route=\/wp\/v2\/users\/1"}],"replies":[{"embeddable":true,"href":"https:\/\/pension-ethner.de\/index.php?rest_route=%2Fwp%2Fv2%2Fcomments&post=76"}],"version-history":[{"count":41,"href":"https:\/\/pension-ethner.de\/index.php?rest_route=\/wp\/v2\/pages\/76\/revisions"}],"predecessor-version":[{"id":427,"href":"https:\/\/pension-ethner.de\/index.php?rest_route=\/wp\/v2\/pages\/76\/revisions\/427"}],"wp:attachment":[{"href":"https:\/\/pension-ethner.de\/index.php?rest_route=%2Fwp%2Fv2%2Fmedia&parent=76"}],"curies":[{"name":"wp","href":"https:\/\/api.w.org\/{rel}","templated":true}]}}