{"id":54,"date":"2021-11-21T21:56:29","date_gmt":"2021-11-21T21:56:29","guid":{"rendered":"https:\/\/pension-ethner.de\/?page_id=54"},"modified":"2021-12-01T20:29:38","modified_gmt":"2021-12-01T20:29:38","slug":"ueber-uns","status":"publish","type":"page","link":"https:\/\/pension-ethner.de\/?page_id=54","title":{"rendered":"\u00dcber uns"},"content":{"rendered":"\t\t<div data-elementor-type=\"wp-page\" data-elementor-id=\"54\" class=\"elementor elementor-54\">\n\t\t\t\t\t\t<section class=\"elementor-section elementor-top-section elementor-element elementor-element-7cdae671 elementor-section-boxed elementor-section-height-default elementor-section-height-default\" data-id=\"7cdae671\" data-element_type=\"section\" data-e-type=\"section\">\n\t\t\t\t\t\t<div class=\"elementor-container elementor-column-gap-default\">\n\t\t\t\t\t<div class=\"elementor-column elementor-col-100 elementor-top-column elementor-element elementor-element-45165442\" data-id=\"45165442\" data-element_type=\"column\" data-e-type=\"column\">\n\t\t\t<div class=\"elementor-widget-wrap elementor-element-populated\">\n\t\t\t\t\t\t<div class=\"elementor-element elementor-element-550f4252 elementor-widget elementor-widget-text-editor\" data-id=\"550f4252\" data-element_type=\"widget\" data-e-type=\"widget\" data-widget_type=\"text-editor.default\">\n\t\t\t\t<div class=\"elementor-widget-container\">\n\t\t\t\t\t\t\t\t\t<p><\/p>\n<h2 class=\"wp-block-heading\">Loslassen &amp; Wohlf\u00fchlen<\/h2>\n<p><\/p>\n<p><\/p>\n<p>Unsere im Jahre 1982 neu erbaute Pension liegt am Ortsrand des 800 Einwohner z\u00e4hlenden idyllisch gelegenen Dorfs Reelsen. Unser Haus befindet sich seitdem in der 2. Generation im Familienbesitz.<\/p>\n<p><\/p>\n<p><\/p>\n<p>Dies sp\u00fcrt man schon an der angenehmen Atmosph\u00e4re, sowie dem pers\u00f6nlichen und aufmerksamen Service, der uns sehr wichtig ist. Dies sind ganz wesentliche Gr\u00fcnde, wie uns auch viele unserer G\u00e4ste best\u00e4tigen, warum einem ersten Aufenthalt noch viele weitere folgen.<\/p>\n<p><\/p>\n<p><\/p>\n<p>Genie\u00dfen Sie unsere langj\u00e4hrige Erfahrung und vergessen Sie den Alltagsstress, f\u00fchlen Sie sich bei uns wohl und genie\u00dfen Sie die K\u00fcche, und die intakte Natur.<\/p>\n<p><\/p>\n<p><\/p>\n<p>Egal ob Senioren oder Familien, wir verw\u00f6hnen Sie gerne und werden Ihren pers\u00f6nlichen Anspr\u00fcchen sicher gerecht werden.<\/p>\n<p><\/p>\t\t\t\t\t\t\t\t<\/div>\n\t\t\t\t<\/div>\n\t\t\t\t<div class=\"elementor-element elementor-element-fbbb802 elementor-align-right elementor-widget elementor-widget-button\" data-id=\"fbbb802\" data-element_type=\"widget\" data-e-type=\"widget\" data-widget_type=\"button.default\">\n\t\t\t\t<div class=\"elementor-widget-container\">\n\t\t\t\t\t\t\t\t\t<div class=\"elementor-button-wrapper\">\n\t\t\t\t\t<a class=\"elementor-button elementor-button-link elementor-size-xs\" href=\"https:\/\/pension-ethner.de\/?page_id=76\">\n\t\t\t\t\t\t<span class=\"elementor-button-content-wrapper\">\n\t\t\t\t\t\t\t\t\t<span class=\"elementor-button-text\">Pension<\/span>\n\t\t\t\t\t<\/span>\n\t\t\t\t\t<\/a>\n\t\t\t\t<\/div>\n\t\t\t\t\t\t\t\t<\/div>\n\t\t\t\t<\/div>\n\t\t\t\t\t<\/div>\n\t\t<\/div>\n\t\t\t\t\t<\/div>\n\t\t<\/section>\n\t\t\t\t<\/div>\n\t\t","protected":false},"excerpt":{"rendered":"<p>Loslassen &amp; Wohlf\u00fchlen Unsere im Jahre 1982 neu erbaute Pension liegt am Ortsrand des 800 Einwohner z\u00e4hlenden idyllisch gelegenen Dorfs Reelsen. Unser Haus befindet sich seitdem in der 2. Generation im Familienbesitz. Dies sp\u00fcrt man schon an der angenehmen Atmosph\u00e4re, sowie dem pers\u00f6nlichen und aufmerksamen Service, der uns sehr wichtig ist. Dies sind ganz wesentliche<\/p><\/div>\n<div class=\"blog-btn\"><a href=\"https:\/\/pension-ethner.de\/?page_id=54\" class=\"home-blog-btn\">Weiterlesen<\/a><\/p>\n","protected":false},"author":1,"featured_media":0,"parent":0,"menu_order":0,"comment_status":"closed","ping_status":"closed","template":"","meta":{"footnotes":""},"class_list":["post-54","page","type-page","status-publish","hentry"],"_links":{"self":[{"href":"https:\/\/pension-ethner.de\/index.php?rest_route=\/wp\/v2\/pages\/54","targetHints":{"allow":["GET"]}}],"collection":[{"href":"https:\/\/pension-ethner.de\/index.php?rest_route=\/wp\/v2\/pages"}],"about":[{"href":"https:\/\/pension-ethner.de\/index.php?rest_route=\/wp\/v2\/types\/page"}],"author":[{"embeddable":true,"href":"https:\/\/pension-ethner.de\/index.php?rest_route=\/wp\/v2\/users\/1"}],"replies":[{"embeddable":true,"href":"https:\/\/pension-ethner.de\/index.php?rest_route=%2Fwp%2Fv2%2Fcomments&post=54"}],"version-history":[{"count":11,"href":"https:\/\/pension-ethner.de\/index.php?rest_route=\/wp\/v2\/pages\/54\/revisions"}],"predecessor-version":[{"id":408,"href":"https:\/\/pension-ethner.de\/index.php?rest_route=\/wp\/v2\/pages\/54\/revisions\/408"}],"wp:attachment":[{"href":"https:\/\/pension-ethner.de\/index.php?rest_route=%2Fwp%2Fv2%2Fmedia&parent=54"}],"curies":[{"name":"wp","href":"https:\/\/api.w.org\/{rel}","templated":true}]}}