{"id":25,"date":"2021-11-21T20:31:09","date_gmt":"2021-11-21T20:31:09","guid":{"rendered":"https:\/\/pension-ethner.de\/?page_id=25"},"modified":"2021-12-10T16:58:08","modified_gmt":"2021-12-10T16:58:08","slug":"startseite","status":"publish","type":"page","link":"https:\/\/pension-ethner.de\/","title":{"rendered":"Startseite"},"content":{"rendered":"\t\t<div data-elementor-type=\"wp-page\" data-elementor-id=\"25\" class=\"elementor elementor-25\">\n\t\t\t\t\t\t<section class=\"elementor-section elementor-top-section elementor-element elementor-element-6d74061c elementor-section-boxed elementor-section-height-default elementor-section-height-default\" data-id=\"6d74061c\" data-element_type=\"section\" data-e-type=\"section\">\n\t\t\t\t\t\t<div class=\"elementor-container elementor-column-gap-default\">\n\t\t\t\t\t<div class=\"elementor-column elementor-col-100 elementor-top-column elementor-element elementor-element-4d6c3f\" data-id=\"4d6c3f\" data-element_type=\"column\" data-e-type=\"column\">\n\t\t\t<div class=\"elementor-widget-wrap elementor-element-populated\">\n\t\t\t\t\t\t<div class=\"elementor-element elementor-element-76f6e536 elementor-widget elementor-widget-text-editor\" data-id=\"76f6e536\" data-element_type=\"widget\" data-e-type=\"widget\" data-widget_type=\"text-editor.default\">\n\t\t\t\t<div class=\"elementor-widget-container\">\n\t\t\t\t\t\t\t\t\t\n<h2 class=\"wp-block-heading\">Willkommen liebe G\u00e4ste<\/h2>\n\n<p>Abseits vom L\u00e4rm der gro\u00dfen St\u00e4dte, in der d\u00f6rflichen Idylle am Teutoburger Wald\/Eggegebirge, k\u00f6nnen Sie die Vorz\u00fcge einer herrlichen Urlaubsregion erleben und genie\u00dfen.<\/p>\n\n<p>Erholung und Entspannung bietet Ihnen unser kleines, schon in der zweiten Generation famili\u00e4r gef\u00fchrtes Haus.<\/p>\n\n<p>Geben Sie Ihre Hektik und Ihren Alltagsstress doch gleich mit den Koffern bei uns ab.<\/p>\n\n<p><strong>Wir freuen uns auf Ihren Besuch,<br \/>Ihre Familie Ethner<\/strong><\/p>\n\t\t\t\t\t\t\t\t<\/div>\n\t\t\t\t<\/div>\n\t\t\t\t<div class=\"elementor-element elementor-element-00ff9b3 elementor-align-right elementor-widget elementor-widget-button\" data-id=\"00ff9b3\" data-element_type=\"widget\" data-e-type=\"widget\" data-widget_type=\"button.default\">\n\t\t\t\t<div class=\"elementor-widget-container\">\n\t\t\t\t\t\t\t\t\t<div class=\"elementor-button-wrapper\">\n\t\t\t\t\t<a class=\"elementor-button elementor-button-link elementor-size-xs\" href=\"https:\/\/pension-ethner.de\/?page_id=54\">\n\t\t\t\t\t\t<span class=\"elementor-button-content-wrapper\">\n\t\t\t\t\t\t\t\t\t<span class=\"elementor-button-text\">Erfahren Sie mehr \u00fcber uns<\/span>\n\t\t\t\t\t<\/span>\n\t\t\t\t\t<\/a>\n\t\t\t\t<\/div>\n\t\t\t\t\t\t\t\t<\/div>\n\t\t\t\t<\/div>\n\t\t\t\t\t<\/div>\n\t\t<\/div>\n\t\t\t\t\t<\/div>\n\t\t<\/section>\n\t\t\t\t<\/div>\n\t\t","protected":false},"excerpt":{"rendered":"<p>Willkommen liebe G\u00e4ste Abseits vom L\u00e4rm der gro\u00dfen St\u00e4dte, in der d\u00f6rflichen Idylle am Teutoburger Wald\/Eggegebirge, k\u00f6nnen Sie die Vorz\u00fcge einer herrlichen Urlaubsregion erleben und genie\u00dfen. Erholung und Entspannung bietet Ihnen unser kleines, schon in der zweiten Generation famili\u00e4r gef\u00fchrtes Haus. Geben Sie Ihre Hektik und Ihren Alltagsstress doch gleich mit den Koffern bei uns<\/p><\/div>\n<div class=\"blog-btn\"><a href=\"https:\/\/pension-ethner.de\/\" class=\"home-blog-btn\">Weiterlesen<\/a><\/p>\n","protected":false},"author":1,"featured_media":0,"parent":0,"menu_order":0,"comment_status":"closed","ping_status":"closed","template":"","meta":{"footnotes":""},"class_list":["post-25","page","type-page","status-publish","hentry"],"_links":{"self":[{"href":"https:\/\/pension-ethner.de\/index.php?rest_route=\/wp\/v2\/pages\/25","targetHints":{"allow":["GET"]}}],"collection":[{"href":"https:\/\/pension-ethner.de\/index.php?rest_route=\/wp\/v2\/pages"}],"about":[{"href":"https:\/\/pension-ethner.de\/index.php?rest_route=\/wp\/v2\/types\/page"}],"author":[{"embeddable":true,"href":"https:\/\/pension-ethner.de\/index.php?rest_route=\/wp\/v2\/users\/1"}],"replies":[{"embeddable":true,"href":"https:\/\/pension-ethner.de\/index.php?rest_route=%2Fwp%2Fv2%2Fcomments&post=25"}],"version-history":[{"count":21,"href":"https:\/\/pension-ethner.de\/index.php?rest_route=\/wp\/v2\/pages\/25\/revisions"}],"predecessor-version":[{"id":431,"href":"https:\/\/pension-ethner.de\/index.php?rest_route=\/wp\/v2\/pages\/25\/revisions\/431"}],"wp:attachment":[{"href":"https:\/\/pension-ethner.de\/index.php?rest_route=%2Fwp%2Fv2%2Fmedia&parent=25"}],"curies":[{"name":"wp","href":"https:\/\/api.w.org\/{rel}","templated":true}]}}