{"id":163,"date":"2021-11-22T19:13:37","date_gmt":"2021-11-22T19:13:37","guid":{"rendered":"https:\/\/pension-ethner.de\/?page_id=163"},"modified":"2026-03-26T11:19:21","modified_gmt":"2026-03-26T11:19:21","slug":"impressum","status":"publish","type":"page","link":"https:\/\/pension-ethner.de\/?page_id=163","title":{"rendered":"Impressum"},"content":{"rendered":"\t\t<div data-elementor-type=\"wp-page\" data-elementor-id=\"163\" class=\"elementor elementor-163\">\n\t\t\t\t\t\t<section class=\"elementor-section elementor-top-section elementor-element elementor-element-d5c22de elementor-section-boxed elementor-section-height-default elementor-section-height-default\" data-id=\"d5c22de\" data-element_type=\"section\" data-e-type=\"section\">\n\t\t\t\t\t\t<div class=\"elementor-container elementor-column-gap-default\">\n\t\t\t\t\t<div class=\"elementor-column elementor-col-100 elementor-top-column elementor-element elementor-element-8a7497a\" data-id=\"8a7497a\" data-element_type=\"column\" data-e-type=\"column\">\n\t\t\t<div class=\"elementor-widget-wrap elementor-element-populated\">\n\t\t\t\t\t\t<div class=\"elementor-element elementor-element-0d4f54a elementor-widget elementor-widget-text-editor\" data-id=\"0d4f54a\" data-element_type=\"widget\" data-e-type=\"widget\" data-widget_type=\"text-editor.default\">\n\t\t\t\t<div class=\"elementor-widget-container\">\n\t\t\t\t\t\t\t\t\t<p><strong>Angaben gem\u00e4\u00df \u00a75 DDG<br><\/strong><\/p>\n<p>Verantwortlich f\u00fcr die innerhalb dieser Pr\u00e4senz dargestellten Inhalte: <strong>Pension Ethner<\/strong><br><strong>Inhaber:<\/strong> Burkhardt Ethner<br><strong>Adresse:<\/strong> Detmolder Stra\u00dfe 433014 Bad Driburg<br><strong>Telefon:<\/strong> 05253\/1845<br><strong>E-Mail:<\/strong> info@pension-ethner.de<\/p>\n<p>Umsatzsteuer-Identifikationsnummer gem. \u00a727a Umsatzsteuergesetz: DE326\/5041\/0577<\/p>\n<p>Inhaltlich Verantwortlicher gem\u00e4\u00df \u00a718 MstV Burkhardt Ethner (Anschrift s.o.)<\/p>\n<p><strong>Haftungshinweis<\/strong><br>Trotz sorgf\u00e4ltiger inhaltlicher Kontrolle \u00fcbernehmen wir keine Haftung f\u00fcr Inhalte<br>externer verlinkter Internetseiten. F\u00fcr den Inhalt der verlinkten Seiten sind<br>ausschlie\u00dflich deren Betreiber verantwortlich<\/p>\n<p><strong>Copyright<\/strong><br>Eine Vervielf\u00e4ltigung oder Verwendung der Fotografien, Grafiken, Texte und&nbsp; Quelltexte in anderen elektronischen oder gedruckten Publikationen ist ohne unsere ausdr\u00fcckliche Zustimmung nicht gestattet.<\/p>\n<p><strong>Verbraucherstreitbeilegungsgesetz<\/strong><br>Der Unternehmer verpflichtet sich nicht, an Streitbeilegungsverfahren vor einer Verbraucherschlichtungsstelle teilzunehmen.<\/p>\t\t\t\t\t\t\t\t<\/div>\n\t\t\t\t<\/div>\n\t\t\t\t\t<\/div>\n\t\t<\/div>\n\t\t\t\t\t<\/div>\n\t\t<\/section>\n\t\t\t\t<\/div>\n\t\t","protected":false},"excerpt":{"rendered":"<p>Angaben gem\u00e4\u00df \u00a75 DDG Verantwortlich f\u00fcr die innerhalb dieser Pr\u00e4senz dargestellten Inhalte: Pension EthnerInhaber: Burkhardt EthnerAdresse: Detmolder Stra\u00dfe 433014 Bad DriburgTelefon: 05253\/1845E-Mail: info@pension-ethner.de Umsatzsteuer-Identifikationsnummer gem. \u00a727a Umsatzsteuergesetz: DE326\/5041\/0577 Inhaltlich Verantwortlicher gem\u00e4\u00df \u00a718 MstV Burkhardt Ethner (Anschrift s.o.) HaftungshinweisTrotz sorgf\u00e4ltiger inhaltlicher Kontrolle \u00fcbernehmen wir keine Haftung f\u00fcr Inhalteexterner verlinkter Internetseiten. F\u00fcr den Inhalt der verlinkten Seiten<\/p><\/div>\n<div class=\"blog-btn\"><a href=\"https:\/\/pension-ethner.de\/?page_id=163\" class=\"home-blog-btn\">Weiterlesen<\/a><\/p>\n","protected":false},"author":1,"featured_media":0,"parent":0,"menu_order":0,"comment_status":"closed","ping_status":"closed","template":"","meta":{"footnotes":""},"class_list":["post-163","page","type-page","status-publish","hentry"],"_links":{"self":[{"href":"https:\/\/pension-ethner.de\/index.php?rest_route=\/wp\/v2\/pages\/163","targetHints":{"allow":["GET"]}}],"collection":[{"href":"https:\/\/pension-ethner.de\/index.php?rest_route=\/wp\/v2\/pages"}],"about":[{"href":"https:\/\/pension-ethner.de\/index.php?rest_route=\/wp\/v2\/types\/page"}],"author":[{"embeddable":true,"href":"https:\/\/pension-ethner.de\/index.php?rest_route=\/wp\/v2\/users\/1"}],"replies":[{"embeddable":true,"href":"https:\/\/pension-ethner.de\/index.php?rest_route=%2Fwp%2Fv2%2Fcomments&post=163"}],"version-history":[{"count":14,"href":"https:\/\/pension-ethner.de\/index.php?rest_route=\/wp\/v2\/pages\/163\/revisions"}],"predecessor-version":[{"id":523,"href":"https:\/\/pension-ethner.de\/index.php?rest_route=\/wp\/v2\/pages\/163\/revisions\/523"}],"wp:attachment":[{"href":"https:\/\/pension-ethner.de\/index.php?rest_route=%2Fwp%2Fv2%2Fmedia&parent=163"}],"curies":[{"name":"wp","href":"https:\/\/api.w.org\/{rel}","templated":true}]}}