{"id":148,"date":"2021-11-22T18:56:35","date_gmt":"2021-11-22T18:56:35","guid":{"rendered":"https:\/\/pension-ethner.de\/?page_id=148"},"modified":"2021-12-10T17:06:28","modified_gmt":"2021-12-10T17:06:28","slug":"umgebung","status":"publish","type":"page","link":"https:\/\/pension-ethner.de\/?page_id=148","title":{"rendered":"Umgebung"},"content":{"rendered":"\t\t<div data-elementor-type=\"wp-page\" data-elementor-id=\"148\" class=\"elementor elementor-148\">\n\t\t\t\t\t\t<section class=\"elementor-section elementor-top-section elementor-element elementor-element-edc6e60 elementor-section-boxed elementor-section-height-default elementor-section-height-default\" data-id=\"edc6e60\" data-element_type=\"section\" data-e-type=\"section\">\n\t\t\t\t\t\t<div class=\"elementor-container elementor-column-gap-default\">\n\t\t\t\t\t<div class=\"elementor-column elementor-col-100 elementor-top-column elementor-element elementor-element-cf99c1e\" data-id=\"cf99c1e\" data-element_type=\"column\" data-e-type=\"column\">\n\t\t\t<div class=\"elementor-widget-wrap elementor-element-populated\">\n\t\t\t\t\t\t<div class=\"elementor-element elementor-element-a39cc10 elementor-widget elementor-widget-text-editor\" data-id=\"a39cc10\" data-element_type=\"widget\" data-e-type=\"widget\" data-widget_type=\"text-editor.default\">\n\t\t\t\t<div class=\"elementor-widget-container\">\n\t\t\t\t\t\t\t\t\t<h1>Sehenswertes und mehr&#8230;<\/h1><p>Im &#8222;Naturpark Eggegebirge&#8220; am s\u00fcdlichen Rand des Teutoburger Waldes in der reizvollen, waldreichen Landschaft des Weserberglandes liegt das 800 Einwohner z\u00e4hlende St.- Martins &#8211; Dorf Reelsen.<\/p><p>Unser Haus ist ein idealer Ausgangspunkt f\u00fcr Ihre Aktivit\u00e4ten, denn wir liegen nur 3 km vom Ortskern von Bad Driburg entfernt. Dieser kann zu Fu\u00df wie auch mit dem Bus gut erreicht werden.<\/p><p>Einige weitere Interessante Ausflugsziele und Links:<\/p>\t\t\t\t\t\t\t\t<\/div>\n\t\t\t\t<\/div>\n\t\t\t\t\t<\/div>\n\t\t<\/div>\n\t\t\t\t\t<\/div>\n\t\t<\/section>\n\t\t\t\t<section class=\"elementor-section elementor-top-section elementor-element elementor-element-93455f4 elementor-section-boxed elementor-section-height-default elementor-section-height-default\" data-id=\"93455f4\" data-element_type=\"section\" data-e-type=\"section\">\n\t\t\t\t\t\t<div class=\"elementor-container elementor-column-gap-default\">\n\t\t\t\t\t<div class=\"elementor-column elementor-col-100 elementor-top-column elementor-element elementor-element-6f623bb\" data-id=\"6f623bb\" data-element_type=\"column\" data-e-type=\"column\">\n\t\t\t<div class=\"elementor-widget-wrap elementor-element-populated\">\n\t\t\t\t\t\t<div class=\"elementor-element elementor-element-b3f8429 elementor-widget elementor-widget-toggle\" data-id=\"b3f8429\" data-element_type=\"widget\" data-e-type=\"widget\" data-widget_type=\"toggle.default\">\n\t\t\t\t<div class=\"elementor-widget-container\">\n\t\t\t\t\t\t\t<div class=\"elementor-toggle\">\n\t\t\t\t\t\t\t<div class=\"elementor-toggle-item\">\n\t\t\t\t\t<div id=\"elementor-tab-title-1881\" class=\"elementor-tab-title\" data-tab=\"1\" role=\"button\" aria-controls=\"elementor-tab-content-1881\" aria-expanded=\"false\">\n\t\t\t\t\t\t\t\t\t\t\t\t<span class=\"elementor-toggle-icon elementor-toggle-icon-left\" aria-hidden=\"true\">\n\t\t\t\t\t\t\t\t\t\t\t\t\t\t\t<span class=\"elementor-toggle-icon-closed\"><i class=\"fas fa-caret-right\"><\/i><\/span>\n\t\t\t\t\t\t\t\t<span class=\"elementor-toggle-icon-opened\"><i class=\"elementor-toggle-icon-opened fas fa-caret-up\"><\/i><\/span>\n\t\t\t\t\t\t\t\t\t\t\t\t\t<\/span>\n\t\t\t\t\t\t\t\t\t\t\t\t<a class=\"elementor-toggle-title\" tabindex=\"0\">Sehensw\u00fcrdigkeiten und Aktivit\u00e4ten<\/a>\n\t\t\t\t\t<\/div>\n\n\t\t\t\t\t<div id=\"elementor-tab-content-1881\" class=\"elementor-tab-content elementor-clearfix\" data-tab=\"1\" role=\"region\" aria-labelledby=\"elementor-tab-title-1881\"><p><a href=\"https:\/\/www.naturpark-teutoburgerwald.de\/\" target=\"_blank\" rel=\"noopener\">Naturpark Eggegebgirge<\/a><br \/><a href=\"https:\/\/www.kulturland.org\/\" target=\"_blank\" rel=\"noopener\">Kulturland Kreis H\u00f6xter<\/a><br \/><a href=\"https:\/\/www.teutoburgerwald.de\/\" target=\"_blank\" rel=\"noopener\">Der Teutoburger Wald<\/a><br \/><a href=\"https:\/\/holzgestaltung-wirth.jimdofree.com\/\" target=\"_blank\" rel=\"noopener\">Kunsthandwerk aus OWL<\/a><br \/><a href=\"https:\/\/www.bilster-berg.de\/\" target=\"_blank\" rel=\"noopener\">Bilster Berg<\/a><br \/><a href=\"https:\/\/www.nrw-tourismus.de\/a-westfalen-culinarium\" target=\"_blank\" rel=\"noopener\">Kulinarium Nieheim<\/a><br \/><a href=\"https:\/\/safariland-stukenbrock.de\/\" target=\"_blank\" rel=\"noopener\">Safari-Park Stukenbrock<\/a><br \/><a href=\"https:\/\/www.scp07.de\/\" target=\"_blank\" rel=\"noopener\">SC Paderborn 07<\/a><\/p><\/div>\n\t\t\t\t<\/div>\n\t\t\t\t\t\t\t<div class=\"elementor-toggle-item\">\n\t\t\t\t\t<div id=\"elementor-tab-title-1882\" class=\"elementor-tab-title\" data-tab=\"2\" role=\"button\" aria-controls=\"elementor-tab-content-1882\" aria-expanded=\"false\">\n\t\t\t\t\t\t\t\t\t\t\t\t<span class=\"elementor-toggle-icon elementor-toggle-icon-left\" aria-hidden=\"true\">\n\t\t\t\t\t\t\t\t\t\t\t\t\t\t\t<span class=\"elementor-toggle-icon-closed\"><i class=\"fas fa-caret-right\"><\/i><\/span>\n\t\t\t\t\t\t\t\t<span class=\"elementor-toggle-icon-opened\"><i class=\"elementor-toggle-icon-opened fas fa-caret-up\"><\/i><\/span>\n\t\t\t\t\t\t\t\t\t\t\t\t\t<\/span>\n\t\t\t\t\t\t\t\t\t\t\t\t<a class=\"elementor-toggle-title\" tabindex=\"0\">St\u00e4dte<\/a>\n\t\t\t\t\t<\/div>\n\n\t\t\t\t\t<div id=\"elementor-tab-content-1882\" class=\"elementor-tab-content elementor-clearfix\" data-tab=\"2\" role=\"region\" aria-labelledby=\"elementor-tab-title-1882\"><p><a href=\"https:\/\/bad-driburg.teutoburgerwald.de\/\" target=\"_blank\" rel=\"noopener\">Bad Driburg<\/a><br \/><a href=\"https:\/\/www.detmold.de\/startseite\/zu-gast-in-detmold\/tourismus\/\" target=\"_blank\" rel=\"noopener\">Detmold<\/a><br \/><a href=\"https:\/\/www.paderborn.de\/tourismus-kultur\/index.php\" target=\"_blank\" rel=\"noopener\">Paderborn<\/a><br \/><a href=\"https:\/\/www.paderborner-land.de\/\" target=\"_blank\" rel=\"noopener\">Paderborner Land<\/a><br \/><a href=\"https:\/\/www.hornbadmeinberg.de\/de\/finden-buchen\/in-horn-bad-meinberg\/tourist-information.html\" target=\"_blank\" rel=\"noopener\">Horn &#8211; Bad Meinberg<\/a><\/p><\/div>\n\t\t\t\t<\/div>\n\t\t\t\t\t\t\t\t<\/div>\n\t\t\t\t\t\t<\/div>\n\t\t\t\t<\/div>\n\t\t\t\t\t<\/div>\n\t\t<\/div>\n\t\t\t\t\t<\/div>\n\t\t<\/section>\n\t\t\t\t<section class=\"elementor-section elementor-top-section elementor-element elementor-element-c74f534 elementor-section-boxed elementor-section-height-default elementor-section-height-default\" data-id=\"c74f534\" data-element_type=\"section\" data-e-type=\"section\">\n\t\t\t\t\t\t<div class=\"elementor-container elementor-column-gap-default\">\n\t\t\t\t\t<div class=\"elementor-column elementor-col-100 elementor-top-column elementor-element elementor-element-b34c99d\" data-id=\"b34c99d\" data-element_type=\"column\" data-e-type=\"column\">\n\t\t\t<div class=\"elementor-widget-wrap elementor-element-populated\">\n\t\t\t\t\t\t<div class=\"elementor-element elementor-element-3be3a29 elementor-align-right elementor-widget elementor-widget-button\" data-id=\"3be3a29\" data-element_type=\"widget\" data-e-type=\"widget\" data-widget_type=\"button.default\">\n\t\t\t\t<div class=\"elementor-widget-container\">\n\t\t\t\t\t\t\t\t\t<div class=\"elementor-button-wrapper\">\n\t\t\t\t\t<a class=\"elementor-button elementor-button-link elementor-size-xs\" href=\"https:\/\/pension-ethner.de\/?page_id=154\">\n\t\t\t\t\t\t<span class=\"elementor-button-content-wrapper\">\n\t\t\t\t\t\t\t\t\t<span class=\"elementor-button-text\">Buchungsanfrage<\/span>\n\t\t\t\t\t<\/span>\n\t\t\t\t\t<\/a>\n\t\t\t\t<\/div>\n\t\t\t\t\t\t\t\t<\/div>\n\t\t\t\t<\/div>\n\t\t\t\t\t<\/div>\n\t\t<\/div>\n\t\t\t\t\t<\/div>\n\t\t<\/section>\n\t\t\t\t<\/div>\n\t\t","protected":false},"excerpt":{"rendered":"<p>Sehenswertes und mehr&#8230; Im &#8222;Naturpark Eggegebirge&#8220; am s\u00fcdlichen Rand des Teutoburger Waldes in der reizvollen, waldreichen Landschaft des Weserberglandes liegt das 800 Einwohner z\u00e4hlende St.- Martins &#8211; Dorf Reelsen. Unser Haus ist ein idealer Ausgangspunkt f\u00fcr Ihre Aktivit\u00e4ten, denn wir liegen nur 3 km vom Ortskern von Bad Driburg entfernt. Dieser kann zu Fu\u00df wie<\/p><\/div>\n<div class=\"blog-btn\"><a href=\"https:\/\/pension-ethner.de\/?page_id=148\" class=\"home-blog-btn\">Weiterlesen<\/a><\/p>\n","protected":false},"author":1,"featured_media":0,"parent":0,"menu_order":0,"comment_status":"closed","ping_status":"closed","template":"","meta":{"footnotes":""},"class_list":["post-148","page","type-page","status-publish","hentry"],"_links":{"self":[{"href":"https:\/\/pension-ethner.de\/index.php?rest_route=\/wp\/v2\/pages\/148","targetHints":{"allow":["GET"]}}],"collection":[{"href":"https:\/\/pension-ethner.de\/index.php?rest_route=\/wp\/v2\/pages"}],"about":[{"href":"https:\/\/pension-ethner.de\/index.php?rest_route=\/wp\/v2\/types\/page"}],"author":[{"embeddable":true,"href":"https:\/\/pension-ethner.de\/index.php?rest_route=\/wp\/v2\/users\/1"}],"replies":[{"embeddable":true,"href":"https:\/\/pension-ethner.de\/index.php?rest_route=%2Fwp%2Fv2%2Fcomments&post=148"}],"version-history":[{"count":49,"href":"https:\/\/pension-ethner.de\/index.php?rest_route=\/wp\/v2\/pages\/148\/revisions"}],"predecessor-version":[{"id":443,"href":"https:\/\/pension-ethner.de\/index.php?rest_route=\/wp\/v2\/pages\/148\/revisions\/443"}],"wp:attachment":[{"href":"https:\/\/pension-ethner.de\/index.php?rest_route=%2Fwp%2Fv2%2Fmedia&parent=148"}],"curies":[{"name":"wp","href":"https:\/\/api.w.org\/{rel}","templated":true}]}}