{"id":145,"date":"2021-11-22T18:56:16","date_gmt":"2021-11-22T18:56:16","guid":{"rendered":"https:\/\/pension-ethner.de\/?page_id=145"},"modified":"2021-12-10T17:25:00","modified_gmt":"2021-12-10T17:25:00","slug":"restaurant","status":"publish","type":"page","link":"https:\/\/pension-ethner.de\/?page_id=145","title":{"rendered":"Gaststube"},"content":{"rendered":"\t\t<div data-elementor-type=\"wp-page\" data-elementor-id=\"145\" class=\"elementor elementor-145\">\n\t\t\t\t\t\t<section class=\"elementor-section elementor-top-section elementor-element elementor-element-c2fa3d4 elementor-section-boxed elementor-section-height-default elementor-section-height-default\" data-id=\"c2fa3d4\" data-element_type=\"section\" data-e-type=\"section\">\n\t\t\t\t\t\t<div class=\"elementor-container elementor-column-gap-default\">\n\t\t\t\t\t<div class=\"elementor-column elementor-col-100 elementor-top-column elementor-element elementor-element-0ccb8d5\" data-id=\"0ccb8d5\" data-element_type=\"column\" data-e-type=\"column\">\n\t\t\t<div class=\"elementor-widget-wrap elementor-element-populated\">\n\t\t\t\t\t\t<div class=\"elementor-element elementor-element-46563e5 elementor-widget elementor-widget-text-editor\" data-id=\"46563e5\" data-element_type=\"widget\" data-e-type=\"widget\" data-widget_type=\"text-editor.default\">\n\t\t\t\t<div class=\"elementor-widget-container\">\n\t\t\t\t\t\t\t\t\t<h1>Das Leben genie\u00dfen&#8230;<\/h1><div><div>Unsere Gaststube l\u00e4dt Sie ein hausgemachten Kuchen sowie eine kleine Speiseauswahl kennen zu lernen.<\/div><div>\u00a0<\/div><div>Auf unserer gro\u00dfz\u00fcgig angelegten Terrasse mit Biergarten k\u00f6nnen Sie in Ruhe verweilen um die Getr\u00e4nke und Speisen zu genie\u00dfen.<\/div><div>\u00a0<\/div><div>Donnerstags ist unser Ruhetag.<\/div><\/div>\t\t\t\t\t\t\t\t<\/div>\n\t\t\t\t<\/div>\n\t\t\t\t\t<\/div>\n\t\t<\/div>\n\t\t\t\t\t<\/div>\n\t\t<\/section>\n\t\t\t\t<section class=\"elementor-section elementor-top-section elementor-element elementor-element-24c7156 elementor-section-boxed elementor-section-height-default elementor-section-height-default\" data-id=\"24c7156\" data-element_type=\"section\" data-e-type=\"section\">\n\t\t\t\t\t\t<div class=\"elementor-container elementor-column-gap-default\">\n\t\t\t\t\t<div class=\"elementor-column elementor-col-100 elementor-top-column elementor-element elementor-element-309a318\" data-id=\"309a318\" data-element_type=\"column\" data-e-type=\"column\">\n\t\t\t<div class=\"elementor-widget-wrap elementor-element-populated\">\n\t\t\t\t\t\t<div class=\"elementor-element elementor-element-187efa1 elementor-widget elementor-widget-image-gallery\" data-id=\"187efa1\" data-element_type=\"widget\" data-e-type=\"widget\" data-widget_type=\"image-gallery.default\">\n\t\t\t\t<div class=\"elementor-widget-container\">\n\t\t\t\t\t\t\t<div class=\"elementor-image-gallery\">\n\t\t\t\n\t\t<style type=\"text\/css\">\n\t\t\t#gallery-1 {\n\t\t\t\tmargin: auto;\n\t\t\t}\n\t\t\t#gallery-1 .gallery-item {\n\t\t\t\tfloat: left;\n\t\t\t\tmargin-top: 10px;\n\t\t\t\ttext-align: center;\n\t\t\t\twidth: 50%;\n\t\t\t}\n\t\t\t#gallery-1 img {\n\t\t\t\tborder: 2px solid #cfcfcf;\n\t\t\t}\n\t\t\t#gallery-1 .gallery-caption {\n\t\t\t\tmargin-left: 0;\n\t\t\t}\n\t\t\t\/* see gallery_shortcode() in wp-includes\/media.php *\/\n\t\t<\/style>\n\t\t<div id='gallery-1' class='gallery galleryid-145 gallery-columns-2 gallery-size-medium'><dl class='gallery-item'>\n\t\t\t<dt class='gallery-icon landscape'>\n\t\t\t\t<a data-elementor-open-lightbox=\"yes\" data-elementor-lightbox-slideshow=\"187efa1\" data-elementor-lightbox-title=\"Heimatstube\" data-e-action-hash=\"#elementor-action%3Aaction%3Dlightbox%26settings%3DeyJpZCI6MzA2LCJ1cmwiOiJodHRwczpcL1wvcGVuc2lvbi1ldGhuZXIuZGVcL3dwLWNvbnRlbnRcL3VwbG9hZHNcLzIwMjFcLzExXC9QMTE5MDA2Ny1zY2FsZWQuanBnIiwic2xpZGVzaG93IjoiMTg3ZWZhMSJ9\" href='https:\/\/pension-ethner.de\/wp-content\/uploads\/2021\/11\/P1190067-scaled.jpg'><img fetchpriority=\"high\" decoding=\"async\" width=\"300\" height=\"200\" src=\"https:\/\/pension-ethner.de\/wp-content\/uploads\/2021\/11\/P1190067-300x200.jpg\" class=\"attachment-medium size-medium\" alt=\"\" srcset=\"https:\/\/pension-ethner.de\/wp-content\/uploads\/2021\/11\/P1190067-300x200.jpg 300w, https:\/\/pension-ethner.de\/wp-content\/uploads\/2021\/11\/P1190067-1024x683.jpg 1024w, https:\/\/pension-ethner.de\/wp-content\/uploads\/2021\/11\/P1190067-768x512.jpg 768w, https:\/\/pension-ethner.de\/wp-content\/uploads\/2021\/11\/P1190067-1536x1024.jpg 1536w, https:\/\/pension-ethner.de\/wp-content\/uploads\/2021\/11\/P1190067-2048x1365.jpg 2048w\" sizes=\"(max-width: 300px) 100vw, 300px\" \/><\/a>\n\t\t\t<\/dt><\/dl><dl class='gallery-item'>\n\t\t\t<dt class='gallery-icon landscape'>\n\t\t\t\t<a data-elementor-open-lightbox=\"yes\" data-elementor-lightbox-slideshow=\"187efa1\" data-elementor-lightbox-title=\"Gaststube\" data-e-action-hash=\"#elementor-action%3Aaction%3Dlightbox%26settings%3DeyJpZCI6MzA1LCJ1cmwiOiJodHRwczpcL1wvcGVuc2lvbi1ldGhuZXIuZGVcL3dwLWNvbnRlbnRcL3VwbG9hZHNcLzIwMjFcLzExXC9QMTE5MDA0NS1zY2FsZWQuanBnIiwic2xpZGVzaG93IjoiMTg3ZWZhMSJ9\" href='https:\/\/pension-ethner.de\/wp-content\/uploads\/2021\/11\/P1190045-scaled.jpg'><img decoding=\"async\" width=\"300\" height=\"200\" src=\"https:\/\/pension-ethner.de\/wp-content\/uploads\/2021\/11\/P1190045-300x200.jpg\" class=\"attachment-medium size-medium\" alt=\"\" srcset=\"https:\/\/pension-ethner.de\/wp-content\/uploads\/2021\/11\/P1190045-300x200.jpg 300w, https:\/\/pension-ethner.de\/wp-content\/uploads\/2021\/11\/P1190045-1024x683.jpg 1024w, https:\/\/pension-ethner.de\/wp-content\/uploads\/2021\/11\/P1190045-768x512.jpg 768w, https:\/\/pension-ethner.de\/wp-content\/uploads\/2021\/11\/P1190045-1536x1024.jpg 1536w, https:\/\/pension-ethner.de\/wp-content\/uploads\/2021\/11\/P1190045-2048x1365.jpg 2048w\" sizes=\"(max-width: 300px) 100vw, 300px\" \/><\/a>\n\t\t\t<\/dt><\/dl><br style=\"clear: both\" \/><dl class='gallery-item'>\n\t\t\t<dt class='gallery-icon landscape'>\n\t\t\t\t<a data-elementor-open-lightbox=\"yes\" data-elementor-lightbox-slideshow=\"187efa1\" data-elementor-lightbox-title=\"Gaststube mit viel Platz\" data-e-action-hash=\"#elementor-action%3Aaction%3Dlightbox%26settings%3DeyJpZCI6MzA0LCJ1cmwiOiJodHRwczpcL1wvcGVuc2lvbi1ldGhuZXIuZGVcL3dwLWNvbnRlbnRcL3VwbG9hZHNcLzIwMjFcLzExXC9QMTE5MDAzNC1zY2FsZWQuanBnIiwic2xpZGVzaG93IjoiMTg3ZWZhMSJ9\" href='https:\/\/pension-ethner.de\/wp-content\/uploads\/2021\/11\/P1190034-scaled.jpg'><img decoding=\"async\" width=\"300\" height=\"200\" src=\"https:\/\/pension-ethner.de\/wp-content\/uploads\/2021\/11\/P1190034-300x200.jpg\" class=\"attachment-medium size-medium\" alt=\"\" srcset=\"https:\/\/pension-ethner.de\/wp-content\/uploads\/2021\/11\/P1190034-300x200.jpg 300w, https:\/\/pension-ethner.de\/wp-content\/uploads\/2021\/11\/P1190034-1024x683.jpg 1024w, https:\/\/pension-ethner.de\/wp-content\/uploads\/2021\/11\/P1190034-768x512.jpg 768w, https:\/\/pension-ethner.de\/wp-content\/uploads\/2021\/11\/P1190034-1536x1024.jpg 1536w, https:\/\/pension-ethner.de\/wp-content\/uploads\/2021\/11\/P1190034-2048x1365.jpg 2048w\" sizes=\"(max-width: 300px) 100vw, 300px\" \/><\/a>\n\t\t\t<\/dt><\/dl><dl class='gallery-item'>\n\t\t\t<dt class='gallery-icon landscape'>\n\t\t\t\t<a data-elementor-open-lightbox=\"yes\" data-elementor-lightbox-slideshow=\"187efa1\" data-elementor-lightbox-title=\"Sitzm\u00f6glichkeiten in der Gaststube\" data-e-action-hash=\"#elementor-action%3Aaction%3Dlightbox%26settings%3DeyJpZCI6MzAzLCJ1cmwiOiJodHRwczpcL1wvcGVuc2lvbi1ldGhuZXIuZGVcL3dwLWNvbnRlbnRcL3VwbG9hZHNcLzIwMjFcLzExXC9QMTE5MDAyNy1zY2FsZWQuanBnIiwic2xpZGVzaG93IjoiMTg3ZWZhMSJ9\" href='https:\/\/pension-ethner.de\/wp-content\/uploads\/2021\/11\/P1190027-scaled.jpg'><img loading=\"lazy\" decoding=\"async\" width=\"300\" height=\"200\" src=\"https:\/\/pension-ethner.de\/wp-content\/uploads\/2021\/11\/P1190027-300x200.jpg\" class=\"attachment-medium size-medium\" alt=\"\" srcset=\"https:\/\/pension-ethner.de\/wp-content\/uploads\/2021\/11\/P1190027-300x200.jpg 300w, https:\/\/pension-ethner.de\/wp-content\/uploads\/2021\/11\/P1190027-1024x683.jpg 1024w, https:\/\/pension-ethner.de\/wp-content\/uploads\/2021\/11\/P1190027-768x512.jpg 768w, https:\/\/pension-ethner.de\/wp-content\/uploads\/2021\/11\/P1190027-1536x1024.jpg 1536w, https:\/\/pension-ethner.de\/wp-content\/uploads\/2021\/11\/P1190027-2048x1365.jpg 2048w\" sizes=\"(max-width: 300px) 100vw, 300px\" \/><\/a>\n\t\t\t<\/dt><\/dl><br style=\"clear: both\" \/><dl class='gallery-item'>\n\t\t\t<dt class='gallery-icon landscape'>\n\t\t\t\t<a data-elementor-open-lightbox=\"yes\" data-elementor-lightbox-slideshow=\"187efa1\" data-elementor-lightbox-title=\"Sitzm\u00f6glichkeiten in der Gaststube\" data-e-action-hash=\"#elementor-action%3Aaction%3Dlightbox%26settings%3DeyJpZCI6MzAyLCJ1cmwiOiJodHRwczpcL1wvcGVuc2lvbi1ldGhuZXIuZGVcL3dwLWNvbnRlbnRcL3VwbG9hZHNcLzIwMjFcLzExXC9QMTE5MDAyMC1zY2FsZWQuanBnIiwic2xpZGVzaG93IjoiMTg3ZWZhMSJ9\" href='https:\/\/pension-ethner.de\/wp-content\/uploads\/2021\/11\/P1190020-scaled.jpg'><img loading=\"lazy\" decoding=\"async\" width=\"300\" height=\"200\" src=\"https:\/\/pension-ethner.de\/wp-content\/uploads\/2021\/11\/P1190020-300x200.jpg\" class=\"attachment-medium size-medium\" alt=\"\" srcset=\"https:\/\/pension-ethner.de\/wp-content\/uploads\/2021\/11\/P1190020-300x200.jpg 300w, https:\/\/pension-ethner.de\/wp-content\/uploads\/2021\/11\/P1190020-1024x683.jpg 1024w, https:\/\/pension-ethner.de\/wp-content\/uploads\/2021\/11\/P1190020-768x512.jpg 768w, https:\/\/pension-ethner.de\/wp-content\/uploads\/2021\/11\/P1190020-1536x1024.jpg 1536w, https:\/\/pension-ethner.de\/wp-content\/uploads\/2021\/11\/P1190020-2048x1365.jpg 2048w\" sizes=\"(max-width: 300px) 100vw, 300px\" \/><\/a>\n\t\t\t<\/dt><\/dl><dl class='gallery-item'>\n\t\t\t<dt class='gallery-icon landscape'>\n\t\t\t\t<a data-elementor-open-lightbox=\"yes\" data-elementor-lightbox-slideshow=\"187efa1\" data-elementor-lightbox-title=\"Sitzm\u00f6glichkeiten in der Gaststube\" data-e-action-hash=\"#elementor-action%3Aaction%3Dlightbox%26settings%3DeyJpZCI6MzAxLCJ1cmwiOiJodHRwczpcL1wvcGVuc2lvbi1ldGhuZXIuZGVcL3dwLWNvbnRlbnRcL3VwbG9hZHNcLzIwMjFcLzExXC9QMTE5MDAwNy1zY2FsZWQuanBnIiwic2xpZGVzaG93IjoiMTg3ZWZhMSJ9\" href='https:\/\/pension-ethner.de\/wp-content\/uploads\/2021\/11\/P1190007-scaled.jpg'><img loading=\"lazy\" decoding=\"async\" width=\"300\" height=\"200\" src=\"https:\/\/pension-ethner.de\/wp-content\/uploads\/2021\/11\/P1190007-300x200.jpg\" class=\"attachment-medium size-medium\" alt=\"\" srcset=\"https:\/\/pension-ethner.de\/wp-content\/uploads\/2021\/11\/P1190007-300x200.jpg 300w, https:\/\/pension-ethner.de\/wp-content\/uploads\/2021\/11\/P1190007-1024x683.jpg 1024w, https:\/\/pension-ethner.de\/wp-content\/uploads\/2021\/11\/P1190007-768x512.jpg 768w, https:\/\/pension-ethner.de\/wp-content\/uploads\/2021\/11\/P1190007-1536x1024.jpg 1536w, https:\/\/pension-ethner.de\/wp-content\/uploads\/2021\/11\/P1190007-2048x1365.jpg 2048w\" sizes=\"(max-width: 300px) 100vw, 300px\" \/><\/a>\n\t\t\t<\/dt><\/dl><br style=\"clear: both\" \/>\n\t\t<\/div>\n\t\t<\/div>\n\t\t\t\t\t\t<\/div>\n\t\t\t\t<\/div>\n\t\t\t\t\t<\/div>\n\t\t<\/div>\n\t\t\t\t\t<\/div>\n\t\t<\/section>\n\t\t\t\t<section class=\"elementor-section elementor-top-section elementor-element elementor-element-7b3d40c elementor-section-boxed elementor-section-height-default elementor-section-height-default\" data-id=\"7b3d40c\" data-element_type=\"section\" data-e-type=\"section\">\n\t\t\t\t\t\t<div class=\"elementor-container elementor-column-gap-default\">\n\t\t\t\t\t<div class=\"elementor-column elementor-col-100 elementor-top-column elementor-element elementor-element-7032b29\" data-id=\"7032b29\" data-element_type=\"column\" data-e-type=\"column\">\n\t\t\t<div class=\"elementor-widget-wrap elementor-element-populated\">\n\t\t\t\t\t\t<div class=\"elementor-element elementor-element-66a120d elementor-align-right elementor-widget elementor-widget-button\" data-id=\"66a120d\" data-element_type=\"widget\" data-e-type=\"widget\" data-widget_type=\"button.default\">\n\t\t\t\t<div class=\"elementor-widget-container\">\n\t\t\t\t\t\t\t\t\t<div class=\"elementor-button-wrapper\">\n\t\t\t\t\t<a class=\"elementor-button elementor-button-link elementor-size-xs\" href=\"https:\/\/pension-ethner.de\/?page_id=148\">\n\t\t\t\t\t\t<span class=\"elementor-button-content-wrapper\">\n\t\t\t\t\t\t\t\t\t<span class=\"elementor-button-text\">Umgebung<\/span>\n\t\t\t\t\t<\/span>\n\t\t\t\t\t<\/a>\n\t\t\t\t<\/div>\n\t\t\t\t\t\t\t\t<\/div>\n\t\t\t\t<\/div>\n\t\t\t\t\t<\/div>\n\t\t<\/div>\n\t\t\t\t\t<\/div>\n\t\t<\/section>\n\t\t\t\t<\/div>\n\t\t","protected":false},"excerpt":{"rendered":"<p>Das Leben genie\u00dfen&#8230; Unsere Gaststube l\u00e4dt Sie ein hausgemachten Kuchen sowie eine kleine Speiseauswahl kennen zu lernen.\u00a0Auf unserer gro\u00dfz\u00fcgig angelegten Terrasse mit Biergarten k\u00f6nnen Sie in Ruhe verweilen um die Getr\u00e4nke und Speisen zu genie\u00dfen.\u00a0Donnerstags ist unser Ruhetag. Umgebung<\/p>\n","protected":false},"author":1,"featured_media":0,"parent":0,"menu_order":0,"comment_status":"closed","ping_status":"closed","template":"","meta":{"footnotes":""},"class_list":["post-145","page","type-page","status-publish","hentry"],"_links":{"self":[{"href":"https:\/\/pension-ethner.de\/index.php?rest_route=\/wp\/v2\/pages\/145","targetHints":{"allow":["GET"]}}],"collection":[{"href":"https:\/\/pension-ethner.de\/index.php?rest_route=\/wp\/v2\/pages"}],"about":[{"href":"https:\/\/pension-ethner.de\/index.php?rest_route=\/wp\/v2\/types\/page"}],"author":[{"embeddable":true,"href":"https:\/\/pension-ethner.de\/index.php?rest_route=\/wp\/v2\/users\/1"}],"replies":[{"embeddable":true,"href":"https:\/\/pension-ethner.de\/index.php?rest_route=%2Fwp%2Fv2%2Fcomments&post=145"}],"version-history":[{"count":38,"href":"https:\/\/pension-ethner.de\/index.php?rest_route=\/wp\/v2\/pages\/145\/revisions"}],"predecessor-version":[{"id":453,"href":"https:\/\/pension-ethner.de\/index.php?rest_route=\/wp\/v2\/pages\/145\/revisions\/453"}],"wp:attachment":[{"href":"https:\/\/pension-ethner.de\/index.php?rest_route=%2Fwp%2Fv2%2Fmedia&parent=145"}],"curies":[{"name":"wp","href":"https:\/\/api.w.org\/{rel}","templated":true}]}}